{"id":12,"date":"2021-06-29T07:38:50","date_gmt":"2021-06-29T05:38:50","guid":{"rendered":"https:\/\/model-memories.de\/?page_id=12"},"modified":"2022-07-24T11:39:42","modified_gmt":"2022-07-24T09:39:42","slug":"home-2","status":"publish","type":"page","link":"https:\/\/model-memories.de\/","title":{"rendered":"Home"},"content":{"rendered":"\n<div class=\"wp-block-cover alignfull is-light hestia-clear-top-padding\"><span aria-hidden=\"true\" class=\"wp-block-cover__background has-white-background-color has-background-dim-100 has-background-dim\"><\/span><div class=\"wp-block-cover__inner-container is-layout-flow wp-block-cover-is-layout-flow\">\n<h1 class=\"has-text-align-center has-text-color has-medium-font-size wp-block-heading\" style=\"color:#3c4858\"><mark style=\"background-color:rgba(0, 0, 0, 0)\" class=\"has-inline-color has-black-color\">Willkommen bei Model-Memories<\/mark>-Official<\/h1>\n\n\n\n<div class=\"wp-block-group\"><div class=\"wp-block-group__inner-container is-layout-flow wp-block-group-is-layout-flow\">\n<div class=\"wp-block-group\"><div class=\"wp-block-group__inner-container is-layout-flow wp-block-group-is-layout-flow\">\n<p>&nbsp;<\/p>\n<\/div><\/div>\n<\/div><\/div>\n\n\n\n<p><mark style=\"background-color:rgba(0, 0, 0, 0)\" class=\"has-inline-color has-black-color\">Wir als Model-Memories verfolgen einige Ziele. Eines unser wichtigsten Anliegen ist es, ein Statement zu setzen. Nicht nur Damen mit 90-60-90 k\u00f6nnen als Model erfolgreich sein. Egal wie gro\u00df oder klein, dick oder d\u00fcnn. Jede Frau ist auf seine Art und Weise sch\u00f6n ! Auch unsere Models haben klein angefangen. Deshalb verstehen wir die Proffesionalisierung als lebenslangen Prozess. Wichtig ist f\u00fcr uns ein funktionierendes Team. Eifersucht, Neid und Konkurenzverhalten finden bei uns keinen Platz. Auch durch Gruppenshootings sowie Freizeitaktivit\u00e4ten wollen wir unsere Verbundenheit st\u00e4rken. Im laufe der Zeit wollen wir uns weiterentwickeln und verschiedene Referenzen schaffen. <\/mark><\/p>\n\n\n\n<p>&nbsp;<\/p>\n\n\n\n<p class=\"has-black-color has-text-color\">Bewerbungen sind \u00fcber eMail m\u00f6glich. E-Mail Adressen: post@model-memories.de , bewerbung@model-memories.de<\/p>\n\n\n\n<p><mark style=\"background-color:rgba(0, 0, 0, 0)\" class=\"has-inline-color has-black-color\">Unser Ziel ist es, einen Stamm an Kunden zu gewinnen. Wir wollen zuk\u00fcnftig Werbeagenturen und Unternehmen ansprechen, sowie Kooperationen mit verschiedenen Partnern, darunter auch Shein eingehen. Nennenswert ist schlussendlich, dass unsere Models ausschlie\u00dflich von unserem Teamfotografen abgelichtet werden. <\/mark><\/p>\n\n\n\n<hr class=\"wp-block-separator has-text-color has-black-color has-css-opacity has-black-background-color has-background is-style-wide\"\/>\n\n\n\n<p class=\"has-black-color has-text-color has-small-font-size\">\u00a9 Copyright 2021 \u2013&nbsp;Urheberrechtshinweis<\/p>\n\n\n\n<p class=\"has-black-color has-text-color has-small-font-size\">Alle Inhalte dieser Webseite, insbesondere Texte, Fotografien und Grafiken, sind urheberrechtlich gesch\u00fctzt. Das Urheberrecht liegt, soweit nicht ausdr\u00fccklich anders gekennzeichnet, bei Kai-Uwe Hagemann. Bitte fragen Sie MICH, falls Sie die Inhalte dieses Internetangebotes verwenden m\u00f6chten.<\/p>\n\n\n\n<p class=\"has-black-color has-text-color has-small-font-size\">Unter der \u201eCreative Commons\u201c-Lizenz\u201c&nbsp;ver\u00f6ffentlichte Inhalte, sind als solche gekennzeichnet. Sie d\u00fcrfen entsprechend den angegebenen Lizenzbedingungen verwendet werden.<\/p>\n\n\n\n<p class=\"has-black-color has-text-color has-small-font-size\">Wer gegen das Urheberrecht verst\u00f6\u00dft (z.B. Bilder oder Texte unerlaubt kopiert), macht sich gem.&nbsp;\u00a7\u00a7 106 ff UrhG&nbsp;strafbar, wird zudem kostenpflichtig abgemahnt und muss Schadensersatz leisten (\u00a7&nbsp;97 UrhG). <\/p>\n\n\n\n<p class=\"has-black-color has-text-color has-small-font-size\">Kanzlei Dr. Thomas Schwenke,Paul-Lincke-Ufer 42\/43,<br>10999 Berlin<\/p>\n\n\n\n<div class=\"wp-block-columns container is-layout-flex wp-container-core-columns-is-layout-28f84493 wp-block-columns-is-layout-flex\">\n<div class=\"wp-block-column is-layout-flow wp-block-column-is-layout-flow\">\n<p><\/p>\n<\/div>\n\n\n\n<div class=\"wp-block-column is-layout-flow wp-block-column-is-layout-flow\"><\/div>\n<\/div>\n\n\n\n<div style=\"height:40px\" aria-hidden=\"true\" class=\"wp-block-spacer\"><\/div>\n<\/div><\/div>\n\n\n\n<div class=\"wp-block-columns container is-layout-flex wp-container-core-columns-is-layout-28f84493 wp-block-columns-is-layout-flex\">\n<div class=\"wp-block-column col-md-5 is-layout-flow wp-block-column-is-layout-flow\">\n<div style=\"height:55px\" aria-hidden=\"true\" class=\"wp-block-spacer\"><\/div>\n<\/div>\n\n\n\n<div class=\"wp-block-column col-md-6 col-md-offset1 is-layout-flow wp-block-column-is-layout-flow\">\n<p>&nbsp;<\/p>\n<\/div>\n<\/div>\n","protected":false},"excerpt":{"rendered":"<p>&nbsp;<\/p>\n","protected":false},"author":1,"featured_media":0,"parent":0,"menu_order":0,"comment_status":"closed","ping_status":"closed","template":"page-templates\/template-page-sidebar.php","meta":{"footnotes":""},"class_list":["post-12","page","type-page","status-publish","hentry"],"_links":{"self":[{"href":"https:\/\/model-memories.de\/index.php?rest_route=\/wp\/v2\/pages\/12","targetHints":{"allow":["GET"]}}],"collection":[{"href":"https:\/\/model-memories.de\/index.php?rest_route=\/wp\/v2\/pages"}],"about":[{"href":"https:\/\/model-memories.de\/index.php?rest_route=\/wp\/v2\/types\/page"}],"author":[{"embeddable":true,"href":"https:\/\/model-memories.de\/index.php?rest_route=\/wp\/v2\/users\/1"}],"replies":[{"embeddable":true,"href":"https:\/\/model-memories.de\/index.php?rest_route=%2Fwp%2Fv2%2Fcomments&post=12"}],"version-history":[{"count":34,"href":"https:\/\/model-memories.de\/index.php?rest_route=\/wp\/v2\/pages\/12\/revisions"}],"predecessor-version":[{"id":1517,"href":"https:\/\/model-memories.de\/index.php?rest_route=\/wp\/v2\/pages\/12\/revisions\/1517"}],"wp:attachment":[{"href":"https:\/\/model-memories.de\/index.php?rest_route=%2Fwp%2Fv2%2Fmedia&parent=12"}],"curies":[{"name":"wp","href":"https:\/\/api.w.org\/{rel}","templated":true}]}}